{"id":379,"date":"2021-05-21T19:50:41","date_gmt":"2021-05-21T17:50:41","guid":{"rendered":"https:\/\/www.habitacionesloscanos.com\/web\/?page_id=379"},"modified":"2024-06-12T06:28:12","modified_gmt":"2024-06-12T04:28:12","slug":"condiciones","status":"publish","type":"page","link":"https:\/\/www.habitacionesloscanos.com\/web\/condiciones\/","title":{"rendered":"Condiciones"},"content":{"rendered":"\n<div id=\"wp-block-themeisle-blocks-advanced-columns-6d6e8039\" class=\"wp-block-themeisle-blocks-advanced-columns has-1-columns has-desktop-equal-layout has-tablet-equal-layout has-mobile-equal-layout has-vertical-unset has-default-gap\"><div class=\"wp-block-themeisle-blocks-advanced-columns-overlay\"><\/div><div class=\"innerblocks-wrap\">\n<div id=\"wp-block-themeisle-blocks-advanced-column-82eb9a3b\" class=\"wp-block-themeisle-blocks-advanced-column\">\n<p>Para reservar se pedir\u00e1 al cliente el pago de un porcentaje de la reserva en concepto de se\u00f1al. \u00c9sta se\u00f1al har\u00e1 a la vez de fianza en caso de cancelaci\u00f3n de la reserva. Si se cancela la reserva antes de los 15 d\u00edas de la fecha de llegada, la se\u00f1al ser\u00e1 devuelta. La cancelaci\u00f3n dentro de los 15 d\u00edas previos a la fecha de llegada desembocar\u00e1 en la perdida de la se\u00f1al. La se\u00f1al podr\u00eda mantenerse si hubiera un cambio de fechas (s\u00f3lo una vez) dentro de la misma temporada y seg\u00fan disponibilidad.<\/p>\n\n\n\n<h4 class=\"wp-block-heading\">Entrada &#8211; check-in<\/h4>\n\n\n\n<ul class=\"wp-block-list\">\n<li>Habitaciones a partir de las 14:30 horas y hasta las 20:00 (Avisar de las llegadas posteriores a \u00e9sta hora).<\/li>\n\n\n\n<li>Apartamentos a partir de las 16:00 horas y hasta las 20:00 (Avisar de las llegadas posteriores a Esta hora).&nbsp;<\/li>\n<\/ul>\n\n\n\n<h4 class=\"wp-block-heading\">Salida &#8211; check-out<\/h4>\n\n\n\n<ul class=\"wp-block-list\">\n<li>Deber\u00e1 desalojar la habitaci\u00f3n\/apartamento antes de la 11:00 horas. Si desea dejar la habitaci\u00f3n\/apartamento m\u00e1s tarde de las 11:00, su periodo de estancia puede ampliarse hasta las 20:00 horas, previo pago del 50 % del precio de la habitaci\u00f3n\/apartamento, esta opci\u00f3n es posible seg\u00fan disponibilidad.<\/li>\n<\/ul>\n\n\n\n<h4 class=\"wp-block-heading\">Estancia m\u00ednima<\/h4>\n\n\n\n<ul class=\"wp-block-list\">\n<li>La estancia m\u00ednima es de dos d\u00edas en temporada media y alta.\u00a0<\/li>\n<\/ul>\n\n\n\n<h4 class=\"wp-block-heading\">Horario de recepci\u00f3n<\/h4>\n\n\n\n<ul class=\"wp-block-list\">\n<li>Ma\u00f1anas de 9:00 a.m. hasta las 14:30 p.m.<\/li>\n\n\n\n<li>Tardes de 17:00 p.m. hasta las 22:00 p.m.<\/li>\n\n\n\n<li>Urgencias 24 horas, 660224767 &#8211; 626984490.<\/li>\n<\/ul>\n<\/div>\n<\/div><\/div>\n","protected":false},"excerpt":{"rendered":"","protected":false},"author":1,"featured_media":0,"parent":0,"menu_order":0,"comment_status":"closed","ping_status":"closed","template":"","meta":{"neve_meta_sidebar":"full-width","neve_meta_container":"","neve_meta_enable_content_width":"on","neve_meta_content_width":100,"neve_meta_title_alignment":"","neve_meta_author_avatar":"","neve_post_elements_order":"","neve_meta_disable_header":"","neve_meta_disable_footer":"","neve_meta_disable_title":"","neve_meta_reading_time":"","advanced_seo_description":"","jetpack_seo_html_title":"","jetpack_seo_noindex":false,"_themeisle_gutenberg_block_has_review":false,"footnotes":""},"class_list":["post-379","page","type-page","status-publish","hentry"],"jetpack_sharing_enabled":true,"_links":{"self":[{"href":"https:\/\/www.habitacionesloscanos.com\/web\/wp-json\/wp\/v2\/pages\/379","targetHints":{"allow":["GET"]}}],"collection":[{"href":"https:\/\/www.habitacionesloscanos.com\/web\/wp-json\/wp\/v2\/pages"}],"about":[{"href":"https:\/\/www.habitacionesloscanos.com\/web\/wp-json\/wp\/v2\/types\/page"}],"author":[{"embeddable":true,"href":"https:\/\/www.habitacionesloscanos.com\/web\/wp-json\/wp\/v2\/users\/1"}],"replies":[{"embeddable":true,"href":"https:\/\/www.habitacionesloscanos.com\/web\/wp-json\/wp\/v2\/comments?post=379"}],"version-history":[{"count":5,"href":"https:\/\/www.habitacionesloscanos.com\/web\/wp-json\/wp\/v2\/pages\/379\/revisions"}],"predecessor-version":[{"id":570,"href":"https:\/\/www.habitacionesloscanos.com\/web\/wp-json\/wp\/v2\/pages\/379\/revisions\/570"}],"wp:attachment":[{"href":"https:\/\/www.habitacionesloscanos.com\/web\/wp-json\/wp\/v2\/media?parent=379"}],"curies":[{"name":"wp","href":"https:\/\/api.w.org\/{rel}","templated":true}]}}